{"id":1759,"date":"2015-08-11T11:49:15","date_gmt":"2015-08-11T10:49:15","guid":{"rendered":"http:\/\/www.teleadhesivo.com\/blog\/?page_id=1759"},"modified":"2015-08-11T11:52:08","modified_gmt":"2015-08-11T10:52:08","slug":"politica-de-cookies","status":"publish","type":"page","link":"https:\/\/www.teleadhesivo.com\/blog\/politica-de-cookies\/","title":{"rendered":"Pol\u00edtica de Cookies"},"content":{"rendered":"<ol>\n<li><strong>\u00bfQu\u00e9 es una Cookie?<\/strong><br \/>\nUna \u00abCookie\u00bb es un peque\u00f1o archivo de texto que un sitio web almacena en el navegador del usuario.<br \/>\nLas cookies facilitan el uso y la navegaci\u00f3n por una p\u00e1gina web y son esenciales para el funcionamiento de internet, aportando innumerables ventajas en la prestaci\u00f3n de servicios interactivos.<br \/>\nPuedes consultar m\u00e1s informaci\u00f3n sobre las cookies en el <a href=\"http:\/\/es.wikipedia.org\/wiki\/Cookie_%28inform%C3%A1tica%29\">siguiente enlace<\/a>.<\/li>\n<li><strong>\u00bfPara qu\u00e9 nos sirven?<\/strong>\n<ul>\n<li>Para acceder r\u00e1pidamente a tu cuenta de cliente.<\/li>\n<li>Para guardar tus preferencias en la configuraci\u00f3n de los productos.<\/li>\n<li>Para gestionar comentarios sobre nuestros servicios y nuestros productos.<\/li>\n<li>Para analizar la navegaci\u00f3n en nuestra web, detectar problemas y mejorar el servicio.<\/li>\n<\/ul>\n<\/li>\n<li><strong>\u00bfQu\u00e9 cookies utilizamos?<\/strong><br \/>\n<strong>De terceros:<\/strong><br \/>\n<span style=\"text-decoration: underline;\"><em>Publicidad de Google (DoubleClick y Google Adwords)<\/em><\/span>:<br \/>\nUtilizamos los servicios de publicidad de Google. Este servicio se utiliza con 2 objetivos:<\/p>\n<ul>\n<li>Identificar las visitas que provienen de un anuncio patrocinado en el buscador y poder cuantificar cuantas visitas terminaron en venta.<\/li>\n<li>Analizar la navegaci\u00f3n del usuario para ofrecer productos de su inter\u00e9s en sitios webs externos que disponen de espacios publicitarios gestionados por la red publicitaria de Google (retargeting)<\/li>\n<\/ul>\n<p>Puede encontrar m\u00e1s informaci\u00f3n en los siguientes enlaces:<\/p>\n<ul>\n<li><a href=\"http:\/\/www.google.es\/policies\/privacy\/ads\/#toc-doubleclick\">http:\/\/www.google.es\/policies\/privacy\/ads\/#toc-doubleclick<\/a><\/li>\n<li><a href=\"http:\/\/www.google.es\/policies\/privacy\/ads\/\">http:\/\/www.google.es\/policies\/privacy\/ads\/<\/a><\/li>\n<\/ul>\n<p><span style=\"text-decoration: underline;\"><em>Google Analytics<\/em><\/span>:<br \/>\nEste sitio utiliza Google Analytics <a href=\"http:\/\/www.google.com\/analytics\/\">http:\/\/www.google.com\/analytics\/<\/a> para obtener informaci\u00f3n de la navegaci\u00f3n, medir y analizar la audiencia.<br \/>\nEsta aplicaci\u00f3n ha sido desarrollada por Google Inc, que nos presta el servicio de medici\u00f3n y an\u00e1lisis de la audiencia de nuestras p\u00e1ginas. Ella misma puede utilizar estos datos para mejorar su propio servicio y para ofrecer servicios a otras empresas. Puedes conocer esos otros usos desde el enlace indicado.<br \/>\nEsta herramienta no obtiene datos sobre tu nombre o apellidos ni de la direcci\u00f3n postal desde donde te conectas. La informaci\u00f3n que obtiene est\u00e1 relacionada con el n\u00famero de p\u00e1ginas visitadas, el idioma, red social en la que se publican nuestras noticias, la ciudad a la que est\u00e1 asignada la direcci\u00f3n IP desde la que accede, el n\u00famero de nuevos usuarios, la frecuencia y reincidencia de las visitas, el tiempo de visita, el navegador y el operador o tipo de terminal desde el que se realiza la visita.<br \/>\nEsta informaci\u00f3n la utilizamos para mejorar nuestras p\u00e1ginas, detectar nuevas necesidades y valorar las mejoras a introducir con la finalidad de prestar un mejor servicio a los usuarios que nos visitan adapt\u00e1ndolas por ejemplo a los navegadores o terminales m\u00e1s utilizados.<\/li>\n<li><strong>\u00bfC\u00f3mo puedes gestionar las cookies?<\/strong><br \/>\nPuede usted permitir, bloquear o eliminar las cookies instaladas en su equipo mediante la configuraci\u00f3n de las opciones del navegador instalado en su ordenador:<\/p>\n<ul>\n<li>Google Chrome<\/li>\n<li>Mozilla Firefox<\/li>\n<li>Safari<\/li>\n<li>Opera<\/li>\n<\/ul>\n<p>El Usuario acepta expresamente, por la utilizaci\u00f3n de este Site, el tratamiento de la informaci\u00f3n recabada en la forma y con los fines anteriormente mencionados. Y asimismo reconoce conocer la posibilidad de rechazar el tratamiento de tales datos o informaci\u00f3n rechazando el uso de Cookies mediante la selecci\u00f3n de la configuraci\u00f3n apropiada a tal fin en su navegador. Si bien esta opci\u00f3n de bloqueo de Cookies en su navegador puede no permitirle el uso pleno de todas las funcionalidades del Website.<br \/>\nSi tiene dudas sobre esta pol\u00edtica de cookies, puede contactar con Teleadhesivo.com en atencionalcliente@www.teleadhesivo.com<\/li>\n<\/ol>\n","protected":false},"excerpt":{"rendered":"<p>\u00bfQu\u00e9 es una Cookie? Una \u00abCookie\u00bb es un peque\u00f1o archivo de texto que un sitio web almacena en el navegador del usuario. Las cookies facilitan el uso y la navegaci\u00f3n por una p\u00e1gina web y son esenciales para el funcionamiento de internet, aportando innumerables ventajas en la prestaci\u00f3n de servicios interactivos. Puedes consultar m\u00e1s informaci\u00f3n&#8230;<\/p>\n","protected":false},"author":4,"featured_media":0,"parent":0,"menu_order":0,"comment_status":"open","ping_status":"open","template":"","meta":{"_monsterinsights_skip_tracking":false,"_monsterinsights_sitenote_active":false,"_monsterinsights_sitenote_note":"","_monsterinsights_sitenote_category":0,"_kadence_starter_templates_imported_post":false,"_kad_post_transparent":"","_kad_post_title":"","_kad_post_layout":"","_kad_post_sidebar_id":"","_kad_post_content_style":"","_kad_post_vertical_padding":"","_kad_post_feature":"","_kad_post_feature_position":"","_kad_post_header":false,"_kad_post_footer":false,"_kad_post_classname":"","footnotes":""},"class_list":["post-1759","page","type-page","status-publish","hentry"],"yoast_head":"<!-- This site is optimized with the Yoast SEO plugin v27.3 - https:\/\/yoast.com\/product\/yoast-seo-wordpress\/ -->\n<title>Pol\u00edtica de Cookies - Blog teleadhesivo<\/title>\n<meta name=\"robots\" content=\"index, follow, max-snippet:-1, max-image-preview:large, max-video-preview:-1\" \/>\n<link rel=\"canonical\" href=\"https:\/\/www.teleadhesivo.com\/blog\/politica-de-cookies\/\" \/>\n<meta property=\"og:locale\" content=\"es_ES\" \/>\n<meta property=\"og:type\" content=\"article\" \/>\n<meta property=\"og:title\" content=\"Pol\u00edtica de Cookies - Blog teleadhesivo\" \/>\n<meta property=\"og:description\" content=\"\u00bfQu\u00e9 es una Cookie? Una \u00abCookie\u00bb es un peque\u00f1o archivo de texto que un sitio web almacena en el navegador del usuario. Las cookies facilitan el uso y la navegaci\u00f3n por una p\u00e1gina web y son esenciales para el funcionamiento de internet, aportando innumerables ventajas en la prestaci\u00f3n de servicios interactivos. Puedes consultar m\u00e1s informaci\u00f3n...\" \/>\n<meta property=\"og:url\" content=\"https:\/\/www.teleadhesivo.com\/blog\/politica-de-cookies\/\" \/>\n<meta property=\"og:site_name\" content=\"Blog teleadhesivo\" \/>\n<meta property=\"article:modified_time\" content=\"2015-08-11T10:52:08+00:00\" \/>\n<meta name=\"twitter:label1\" content=\"Tiempo de lectura\" \/>\n\t<meta name=\"twitter:data1\" content=\"3 minutos\" \/>\n<script type=\"application\/ld+json\" class=\"yoast-schema-graph\">{\"@context\":\"https:\\\/\\\/schema.org\",\"@graph\":[{\"@type\":\"WebPage\",\"@id\":\"https:\\\/\\\/www.teleadhesivo.com\\\/blog\\\/politica-de-cookies\\\/\",\"url\":\"https:\\\/\\\/www.teleadhesivo.com\\\/blog\\\/politica-de-cookies\\\/\",\"name\":\"Pol\u00edtica de Cookies - Blog teleadhesivo\",\"isPartOf\":{\"@id\":\"https:\\\/\\\/www.teleadhesivo.com\\\/blog\\\/#website\"},\"datePublished\":\"2015-08-11T10:49:15+00:00\",\"dateModified\":\"2015-08-11T10:52:08+00:00\",\"breadcrumb\":{\"@id\":\"https:\\\/\\\/www.teleadhesivo.com\\\/blog\\\/politica-de-cookies\\\/#breadcrumb\"},\"inLanguage\":\"es\",\"potentialAction\":[{\"@type\":\"ReadAction\",\"target\":[\"https:\\\/\\\/www.teleadhesivo.com\\\/blog\\\/politica-de-cookies\\\/\"]}]},{\"@type\":\"BreadcrumbList\",\"@id\":\"https:\\\/\\\/www.teleadhesivo.com\\\/blog\\\/politica-de-cookies\\\/#breadcrumb\",\"itemListElement\":[{\"@type\":\"ListItem\",\"position\":1,\"name\":\"Home\",\"item\":\"https:\\\/\\\/www.teleadhesivo.com\\\/blog\\\/\"},{\"@type\":\"ListItem\",\"position\":2,\"name\":\"Pol\u00edtica de Cookies\"}]},{\"@type\":\"WebSite\",\"@id\":\"https:\\\/\\\/www.teleadhesivo.com\\\/blog\\\/#website\",\"url\":\"https:\\\/\\\/www.teleadhesivo.com\\\/blog\\\/\",\"name\":\"Blog teleadhesivo\",\"description\":\"Blog de decoraci\u00f3n e ideas DIY con vinilos adhesivos. En Teleadhesivo te contamos las \u00faltimas tendencias de dise\u00f1o de interiores y c\u00f3mo conseguirlas.\",\"publisher\":{\"@id\":\"https:\\\/\\\/www.teleadhesivo.com\\\/blog\\\/#organization\"},\"potentialAction\":[{\"@type\":\"SearchAction\",\"target\":{\"@type\":\"EntryPoint\",\"urlTemplate\":\"https:\\\/\\\/www.teleadhesivo.com\\\/blog\\\/?s={search_term_string}\"},\"query-input\":{\"@type\":\"PropertyValueSpecification\",\"valueRequired\":true,\"valueName\":\"search_term_string\"}}],\"inLanguage\":\"es\"},{\"@type\":\"Organization\",\"@id\":\"https:\\\/\\\/www.teleadhesivo.com\\\/blog\\\/#organization\",\"name\":\"Blog teleadhesivo\",\"url\":\"https:\\\/\\\/www.teleadhesivo.com\\\/blog\\\/\",\"logo\":{\"@type\":\"ImageObject\",\"inLanguage\":\"es\",\"@id\":\"https:\\\/\\\/www.teleadhesivo.com\\\/blog\\\/#\\\/schema\\\/logo\\\/image\\\/\",\"url\":\"https:\\\/\\\/www.teleadhesivo.com\\\/blog\\\/wp-content\\\/uploads\\\/2026\\\/04\\\/logo-teleadhesivo.png\",\"contentUrl\":\"https:\\\/\\\/www.teleadhesivo.com\\\/blog\\\/wp-content\\\/uploads\\\/2026\\\/04\\\/logo-teleadhesivo.png\",\"width\":300,\"height\":115,\"caption\":\"Blog teleadhesivo\"},\"image\":{\"@id\":\"https:\\\/\\\/www.teleadhesivo.com\\\/blog\\\/#\\\/schema\\\/logo\\\/image\\\/\"}}]}<\/script>\n<!-- \/ Yoast SEO plugin. -->","yoast_head_json":{"title":"Pol\u00edtica de Cookies - Blog teleadhesivo","robots":{"index":"index","follow":"follow","max-snippet":"max-snippet:-1","max-image-preview":"max-image-preview:large","max-video-preview":"max-video-preview:-1"},"canonical":"https:\/\/www.teleadhesivo.com\/blog\/politica-de-cookies\/","og_locale":"es_ES","og_type":"article","og_title":"Pol\u00edtica de Cookies - Blog teleadhesivo","og_description":"\u00bfQu\u00e9 es una Cookie? Una \u00abCookie\u00bb es un peque\u00f1o archivo de texto que un sitio web almacena en el navegador del usuario. Las cookies facilitan el uso y la navegaci\u00f3n por una p\u00e1gina web y son esenciales para el funcionamiento de internet, aportando innumerables ventajas en la prestaci\u00f3n de servicios interactivos. Puedes consultar m\u00e1s informaci\u00f3n...","og_url":"https:\/\/www.teleadhesivo.com\/blog\/politica-de-cookies\/","og_site_name":"Blog teleadhesivo","article_modified_time":"2015-08-11T10:52:08+00:00","twitter_misc":{"Tiempo de lectura":"3 minutos"},"schema":{"@context":"https:\/\/schema.org","@graph":[{"@type":"WebPage","@id":"https:\/\/www.teleadhesivo.com\/blog\/politica-de-cookies\/","url":"https:\/\/www.teleadhesivo.com\/blog\/politica-de-cookies\/","name":"Pol\u00edtica de Cookies - Blog teleadhesivo","isPartOf":{"@id":"https:\/\/www.teleadhesivo.com\/blog\/#website"},"datePublished":"2015-08-11T10:49:15+00:00","dateModified":"2015-08-11T10:52:08+00:00","breadcrumb":{"@id":"https:\/\/www.teleadhesivo.com\/blog\/politica-de-cookies\/#breadcrumb"},"inLanguage":"es","potentialAction":[{"@type":"ReadAction","target":["https:\/\/www.teleadhesivo.com\/blog\/politica-de-cookies\/"]}]},{"@type":"BreadcrumbList","@id":"https:\/\/www.teleadhesivo.com\/blog\/politica-de-cookies\/#breadcrumb","itemListElement":[{"@type":"ListItem","position":1,"name":"Home","item":"https:\/\/www.teleadhesivo.com\/blog\/"},{"@type":"ListItem","position":2,"name":"Pol\u00edtica de Cookies"}]},{"@type":"WebSite","@id":"https:\/\/www.teleadhesivo.com\/blog\/#website","url":"https:\/\/www.teleadhesivo.com\/blog\/","name":"Blog teleadhesivo","description":"Blog de decoraci\u00f3n e ideas DIY con vinilos adhesivos. En Teleadhesivo te contamos las \u00faltimas tendencias de dise\u00f1o de interiores y c\u00f3mo conseguirlas.","publisher":{"@id":"https:\/\/www.teleadhesivo.com\/blog\/#organization"},"potentialAction":[{"@type":"SearchAction","target":{"@type":"EntryPoint","urlTemplate":"https:\/\/www.teleadhesivo.com\/blog\/?s={search_term_string}"},"query-input":{"@type":"PropertyValueSpecification","valueRequired":true,"valueName":"search_term_string"}}],"inLanguage":"es"},{"@type":"Organization","@id":"https:\/\/www.teleadhesivo.com\/blog\/#organization","name":"Blog teleadhesivo","url":"https:\/\/www.teleadhesivo.com\/blog\/","logo":{"@type":"ImageObject","inLanguage":"es","@id":"https:\/\/www.teleadhesivo.com\/blog\/#\/schema\/logo\/image\/","url":"https:\/\/www.teleadhesivo.com\/blog\/wp-content\/uploads\/2026\/04\/logo-teleadhesivo.png","contentUrl":"https:\/\/www.teleadhesivo.com\/blog\/wp-content\/uploads\/2026\/04\/logo-teleadhesivo.png","width":300,"height":115,"caption":"Blog teleadhesivo"},"image":{"@id":"https:\/\/www.teleadhesivo.com\/blog\/#\/schema\/logo\/image\/"}}]}},"_links":{"self":[{"href":"https:\/\/www.teleadhesivo.com\/blog\/wp-json\/wp\/v2\/pages\/1759","targetHints":{"allow":["GET"]}}],"collection":[{"href":"https:\/\/www.teleadhesivo.com\/blog\/wp-json\/wp\/v2\/pages"}],"about":[{"href":"https:\/\/www.teleadhesivo.com\/blog\/wp-json\/wp\/v2\/types\/page"}],"author":[{"embeddable":true,"href":"https:\/\/www.teleadhesivo.com\/blog\/wp-json\/wp\/v2\/users\/4"}],"replies":[{"embeddable":true,"href":"https:\/\/www.teleadhesivo.com\/blog\/wp-json\/wp\/v2\/comments?post=1759"}],"version-history":[{"count":5,"href":"https:\/\/www.teleadhesivo.com\/blog\/wp-json\/wp\/v2\/pages\/1759\/revisions"}],"predecessor-version":[{"id":1768,"href":"https:\/\/www.teleadhesivo.com\/blog\/wp-json\/wp\/v2\/pages\/1759\/revisions\/1768"}],"wp:attachment":[{"href":"https:\/\/www.teleadhesivo.com\/blog\/wp-json\/wp\/v2\/media?parent=1759"}],"curies":[{"name":"wp","href":"https:\/\/api.w.org\/{rel}","templated":true}]}}