{"id":3930,"date":"2017-03-22T12:54:31","date_gmt":"2017-03-22T11:54:31","guid":{"rendered":"http:\/\/www.teleadhesivo.com\/blog?page_id=3930"},"modified":"2017-03-23T12:37:18","modified_gmt":"2017-03-23T11:37:18","slug":"solo-por-ser-tu","status":"publish","type":"page","link":"https:\/\/www.teleadhesivo.com\/blog\/solo-por-ser-tu\/","title":{"rendered":"\u00a1Hola de nuevo!"},"content":{"rendered":"<p style=\"text-align: justify;\">Sinceramente, esper\u00e1bamos verte de vuelta en TeleAdhesivo, ya que desde el primer momento sentimos que <strong>lo nuestro era especial<\/strong>. En fin, t\u00fa quer\u00edas un vinilo chulo y nosotros ten\u00edamos exactamente lo que necesitabas.<\/p>\n<p style=\"text-align: justify;\">Pero por un instante, nuestros caminos se separaron y temimos no volver a verte m\u00e1s. Por eso&#8230;<\/p>\n<p style=\"text-align: center; font-size: 25px;\">\u00a1Nos alegra tenerte de vuelta!<\/p>\n<p style=\"text-align: justify;\"><img loading=\"lazy\" decoding=\"async\" width=\"448\" height=\"201\" class=\"aligncenter size-full wp-image-3931\" src=\"https:\/\/www.teleadhesivo.com\/blog\/wp-content\/uploads\/2017\/03\/senor-anillos-2.gif\" alt=\"Aplausos\" \/><\/p>\n<p style=\"text-align: justify;\">Durante este tiempo, hemos estado pensando que nos encantar\u00eda tener <strong>un bonito detalle contigo<\/strong>, porque eres genial, \u00a1de lo mejor que ha venido por esta web! As\u00ed que pensamos&#8230; \u00bfc\u00f3mo podr\u00edamos sorprenderte? Tras descartar algunas ideas, como un viaje espacial (no todo el mundo disfruta al ser lanzado al vac\u00edo a 8 km\/s) o una serenata de la mano de unos tunos reggaetoneros (es una mezcla musical que a\u00fan debemos testear), nos hemos decantado por regalarte con tu siguiente compra una pegatina que es lo m\u00e1s de lo m\u00e1s.<\/p>\n<p style=\"text-align: center; font-size: 25px;\">Tenemos esto para ti&#8230;<\/p>\n<p style=\"text-align: justify;\"><strong>Hemos preparado para ti la estupenda pegatina<\/strong> del emoticono emoji sacando la lengua y gui\u00f1ando un ojo, porque es tan pizpireto como t\u00fa y transmite esa energ\u00eda que s\u00f3lo t\u00fa desprendes. La puedes\u00a0usar para decorar el coche, la tablet, el port\u00e1til, un cuaderno, agenda, mueble, customizar la mirilla de tu casa haciendo que el ojo coincida con ella&#8230; <strong>\u00a1las opciones son infinitas!<\/strong><\/p>\n<p style=\"text-align: justify;\"><img loading=\"lazy\" decoding=\"async\" width=\"700\" height=\"700\" class=\"aligncenter size-full wp-image-3937\" src=\"https:\/\/www.teleadhesivo.com\/blog\/wp-content\/uploads\/2017\/03\/regalo-teleadhesivo.jpg\" alt=\"Regalo TeleAdhesivo\" srcset=\"https:\/\/www.teleadhesivo.com\/blog\/wp-content\/uploads\/2017\/03\/regalo-teleadhesivo.jpg 700w, https:\/\/www.teleadhesivo.com\/blog\/wp-content\/uploads\/2017\/03\/regalo-teleadhesivo-150x150.jpg 150w, https:\/\/www.teleadhesivo.com\/blog\/wp-content\/uploads\/2017\/03\/regalo-teleadhesivo-300x300.jpg 300w, https:\/\/www.teleadhesivo.com\/blog\/wp-content\/uploads\/2017\/03\/regalo-teleadhesivo-50x50.jpg 50w, https:\/\/www.teleadhesivo.com\/blog\/wp-content\/uploads\/2017\/03\/regalo-teleadhesivo-186x186.jpg 186w, https:\/\/www.teleadhesivo.com\/blog\/wp-content\/uploads\/2017\/03\/regalo-teleadhesivo-65x65.jpg 65w\" sizes=\"auto, (max-width: 700px) 100vw, 700px\" \/><\/p>\n<p style=\"text-align: justify;\">As\u00ed que nos encantar\u00e1 envi\u00e1rtela junto con tu pedido tan pronto como lo realices. As\u00ed, <strong>\u00a1por ser t\u00fa!<\/strong><\/p>\n<p style=\"text-align: center; font-size: 25px;\">Pero eso no es todo&#8230;<\/p>\n<div class=\"su-box su-box-style-default\" id=\"\" style=\"border-color:#1f87b4;border-radius:0px;max-width:none\"><div class=\"su-box-title\" style=\"background-color:#52bae7;color:#FFFFFF;border-top-left-radius:0px;border-top-right-radius:0px\">Adem\u00e1s de incluir la pegatina, disfruta de:<\/div><div class=\"su-box-content su-u-clearfix su-u-trim\" style=\"border-bottom-left-radius:0px;border-bottom-right-radius:0px\">\n<ul>\n<li style=\"font-size: 20px;\">Un <strong>descuento del 20%<\/strong> directo sobre el importe total de tu pedido.<\/li>\n<li style=\"font-size: 20px;\"><strong>Gastos de env\u00edo gratis<\/strong> a pen\u00ednsula si el importe final (descuentos aplicados) es mayor a 30\u20ac<\/li>\n<\/ul>\n<\/div><\/div>\n<p style=\"text-align: justify;\">Es muy f\u00e1cil, <a style=\"color: #bd081c;\" href=\"https:\/\/www.teleadhesivo.com\/es\/checkout-cart?utm_source=blog&amp;utm_medium=pagina&amp;utm_campaign=recaptacion&amp;utm_content=ads\"><strong style=\"font-size: 25px;\">usa el c\u00f3digo <em>&#8216;PORSERTU&#8217;<\/em><\/strong><\/a> durante el proceso de compra y la adjuntaremos a tu pedido, adem\u00e1s de aplicar el resto de ventajas (v\u00e1lido para compras superiores a 30\u20ac). Al final de la p\u00e1gina encontrar\u00e1s un\u00a0pantallazo donde te mostramos d\u00f3nde debes introducir el c\u00f3digo para conseguir tu pegatina.<\/p>\n<p style=\"text-align: justify;\"><div class=\"su-spacer\" style=\"height:20px\"><\/div>\n<div class=\"su-button-center\"><a href=\"https:\/\/www.teleadhesivo.com\/es\/checkout-cart?utm_source=blog&#038;utm_medium=pagina&#038;utm_campaign=recaptacion&#038;utm_content=ads\" class=\"su-button su-button-style-flat su-button-wide\" style=\"color:#FFFFFF;background-color:#089cdd;border-color:#077db1;border-radius:3px\" target=\"_self\"><span style=\"color:#FFFFFF;padding:8px 26px;font-size:20px;line-height:30px;border-color:#53bae8;border-radius:3px;text-shadow:none\"><i class=\"sui sui-shopping-cart\" style=\"font-size:20px;color:#FFFFFF\"><\/i> APROVECHAR OFERTA<small style=\"padding-bottom:8px;color:#FFFFFF\">Hazte con tu pegatina cuando completes tu pedido<\/small><\/span><\/a><\/div>\n<div class=\"su-spacer\" style=\"height:50px\"><\/div>\n<p style=\"text-align: justify;\"><strong>Nos vemos en la web, \u00bfok?<\/strong> Si tienes cualquier duda acerca de tu pedido, preg\u00fantanos con confianza\u00a0usando nuestro tel\u00e9fono de atenci\u00f3n al cliente (<strong>902 013 562<\/strong> o escribi\u00e9ndonos al correo <a href=\"mailto:atencionalcliente@www.teleadhesivo.com\">atencionalcliente@www.teleadhesivo.com<\/a><\/p>\n<div class=\"su-spacer\" style=\"height:50px\"><\/div>\n<p style=\"text-align: center; font-size: 25px;\">\u00a1Un saludo y gracias por tu confianza!<\/p>\n<div class=\"su-spacer\" style=\"height:70px\"><\/div>\n<p style=\"text-align: justify;\"><img loading=\"lazy\" decoding=\"async\" width=\"1000\" height=\"1399\" class=\"aligncenter size-full wp-image-3941\" src=\"https:\/\/www.teleadhesivo.com\/blog\/wp-content\/uploads\/2017\/03\/ejemplo.jpg\" alt=\"Ejemplo\" srcset=\"https:\/\/www.teleadhesivo.com\/blog\/wp-content\/uploads\/2017\/03\/ejemplo.jpg 1000w, https:\/\/www.teleadhesivo.com\/blog\/wp-content\/uploads\/2017\/03\/ejemplo-214x300.jpg 214w, https:\/\/www.teleadhesivo.com\/blog\/wp-content\/uploads\/2017\/03\/ejemplo-768x1074.jpg 768w, https:\/\/www.teleadhesivo.com\/blog\/wp-content\/uploads\/2017\/03\/ejemplo-732x1024.jpg 732w\" sizes=\"auto, (max-width: 1000px) 100vw, 1000px\" \/><\/p>\n<p>&nbsp;<\/p>\n<p style=\"text-align: justify;\"><div class=\"su-spacer\" style=\"height:20px\"><\/div>\n<div class=\"su-button-center\"><a href=\"https:\/\/www.teleadhesivo.com\/es\/checkout-cart?utm_source=blog&#038;utm_medium=pagina&#038;utm_campaign=recaptacion&#038;utm_content=ads\" class=\"su-button su-button-style-flat su-button-wide\" style=\"color:#FFFFFF;background-color:#089cdd;border-color:#077db1;border-radius:3px\" target=\"_self\"><span style=\"color:#FFFFFF;padding:8px 26px;font-size:20px;line-height:30px;border-color:#53bae8;border-radius:3px;text-shadow:none\"><i class=\"sui sui-shopping-cart\" style=\"font-size:20px;color:#FFFFFF\"><\/i> APROVECHAR OFERTA<small style=\"padding-bottom:8px;color:#FFFFFF\">Hazte con tu pegatina cuando completes tu pedido<\/small><\/span><\/a><\/div>\n<div class=\"su-spacer\" style=\"height:50px\"><\/div>\n","protected":false},"excerpt":{"rendered":"<p>Sinceramente, esper\u00e1bamos verte de vuelta en TeleAdhesivo, ya que desde el primer momento sentimos que lo nuestro era especial. En fin, t\u00fa quer\u00edas un vinilo chulo y nosotros ten\u00edamos exactamente lo que necesitabas. Pero por un instante, nuestros caminos se separaron y temimos no volver a verte m\u00e1s. Por eso&#8230; \u00a1Nos alegra tenerte de vuelta!&#8230;<\/p>\n","protected":false},"author":4,"featured_media":0,"parent":0,"menu_order":0,"comment_status":"closed","ping_status":"closed","template":"template-fullwidth.php","meta":{"_monsterinsights_skip_tracking":false,"_monsterinsights_sitenote_active":false,"_monsterinsights_sitenote_note":"","_monsterinsights_sitenote_category":0,"_kadence_starter_templates_imported_post":false,"_kad_post_transparent":"","_kad_post_title":"","_kad_post_layout":"","_kad_post_sidebar_id":"","_kad_post_content_style":"","_kad_post_vertical_padding":"","_kad_post_feature":"","_kad_post_feature_position":"","_kad_post_header":false,"_kad_post_footer":false,"_kad_post_classname":"","footnotes":""},"class_list":["post-3930","page","type-page","status-publish","hentry"],"yoast_head":"<!-- This site is optimized with the Yoast SEO plugin v27.3 - https:\/\/yoast.com\/product\/yoast-seo-wordpress\/ -->\n<title>\u00a1Hola de nuevo! - Blog teleadhesivo<\/title>\n<meta name=\"robots\" content=\"noindex, follow\" \/>\n<meta property=\"og:locale\" content=\"es_ES\" \/>\n<meta property=\"og:type\" content=\"article\" \/>\n<meta property=\"og:title\" content=\"\u00a1Hola de nuevo! - Blog teleadhesivo\" \/>\n<meta property=\"og:description\" content=\"Sinceramente, esper\u00e1bamos verte de vuelta en TeleAdhesivo, ya que desde el primer momento sentimos que lo nuestro era especial. En fin, t\u00fa quer\u00edas un vinilo chulo y nosotros ten\u00edamos exactamente lo que necesitabas. Pero por un instante, nuestros caminos se separaron y temimos no volver a verte m\u00e1s. Por eso&#8230; \u00a1Nos alegra tenerte de vuelta!...\" \/>\n<meta property=\"og:url\" content=\"https:\/\/www.teleadhesivo.com\/blog\/solo-por-ser-tu\/\" \/>\n<meta property=\"og:site_name\" content=\"Blog teleadhesivo\" \/>\n<meta property=\"article:modified_time\" content=\"2017-03-23T11:37:18+00:00\" \/>\n<meta property=\"og:image\" content=\"https:\/\/www.teleadhesivo.com\/blog\/wp-content\/uploads\/2017\/03\/senor-anillos-2.gif\" \/>\n\t<meta property=\"og:image:width\" content=\"448\" \/>\n\t<meta property=\"og:image:height\" content=\"201\" \/>\n\t<meta property=\"og:image:type\" content=\"image\/gif\" \/>\n<meta name=\"twitter:label1\" content=\"Tiempo de lectura\" \/>\n\t<meta name=\"twitter:data1\" content=\"3 minutos\" \/>\n<script type=\"application\/ld+json\" class=\"yoast-schema-graph\">{\"@context\":\"https:\\\/\\\/schema.org\",\"@graph\":[{\"@type\":\"WebPage\",\"@id\":\"https:\\\/\\\/www.teleadhesivo.com\\\/blog\\\/solo-por-ser-tu\\\/\",\"url\":\"https:\\\/\\\/www.teleadhesivo.com\\\/blog\\\/solo-por-ser-tu\\\/\",\"name\":\"\u00a1Hola de nuevo! - Blog teleadhesivo\",\"isPartOf\":{\"@id\":\"https:\\\/\\\/www.teleadhesivo.com\\\/blog\\\/#website\"},\"primaryImageOfPage\":{\"@id\":\"https:\\\/\\\/www.teleadhesivo.com\\\/blog\\\/solo-por-ser-tu\\\/#primaryimage\"},\"image\":{\"@id\":\"https:\\\/\\\/www.teleadhesivo.com\\\/blog\\\/solo-por-ser-tu\\\/#primaryimage\"},\"thumbnailUrl\":\"https:\\\/\\\/www.teleadhesivo.com\\\/blog\\\/wp-content\\\/uploads\\\/2017\\\/03\\\/senor-anillos-2.gif\",\"datePublished\":\"2017-03-22T11:54:31+00:00\",\"dateModified\":\"2017-03-23T11:37:18+00:00\",\"breadcrumb\":{\"@id\":\"https:\\\/\\\/www.teleadhesivo.com\\\/blog\\\/solo-por-ser-tu\\\/#breadcrumb\"},\"inLanguage\":\"es\",\"potentialAction\":[{\"@type\":\"ReadAction\",\"target\":[\"https:\\\/\\\/www.teleadhesivo.com\\\/blog\\\/solo-por-ser-tu\\\/\"]}]},{\"@type\":\"ImageObject\",\"inLanguage\":\"es\",\"@id\":\"https:\\\/\\\/www.teleadhesivo.com\\\/blog\\\/solo-por-ser-tu\\\/#primaryimage\",\"url\":\"https:\\\/\\\/www.teleadhesivo.com\\\/blog\\\/wp-content\\\/uploads\\\/2017\\\/03\\\/senor-anillos-2.gif\",\"contentUrl\":\"https:\\\/\\\/www.teleadhesivo.com\\\/blog\\\/wp-content\\\/uploads\\\/2017\\\/03\\\/senor-anillos-2.gif\",\"width\":448,\"height\":201,\"caption\":\"Aplausos\"},{\"@type\":\"BreadcrumbList\",\"@id\":\"https:\\\/\\\/www.teleadhesivo.com\\\/blog\\\/solo-por-ser-tu\\\/#breadcrumb\",\"itemListElement\":[{\"@type\":\"ListItem\",\"position\":1,\"name\":\"Home\",\"item\":\"https:\\\/\\\/www.teleadhesivo.com\\\/blog\\\/\"},{\"@type\":\"ListItem\",\"position\":2,\"name\":\"\u00a1Hola de nuevo!\"}]},{\"@type\":\"WebSite\",\"@id\":\"https:\\\/\\\/www.teleadhesivo.com\\\/blog\\\/#website\",\"url\":\"https:\\\/\\\/www.teleadhesivo.com\\\/blog\\\/\",\"name\":\"Blog teleadhesivo\",\"description\":\"Blog de decoraci\u00f3n e ideas DIY con vinilos adhesivos. En Teleadhesivo te contamos las \u00faltimas tendencias de dise\u00f1o de interiores y c\u00f3mo conseguirlas.\",\"publisher\":{\"@id\":\"https:\\\/\\\/www.teleadhesivo.com\\\/blog\\\/#organization\"},\"potentialAction\":[{\"@type\":\"SearchAction\",\"target\":{\"@type\":\"EntryPoint\",\"urlTemplate\":\"https:\\\/\\\/www.teleadhesivo.com\\\/blog\\\/?s={search_term_string}\"},\"query-input\":{\"@type\":\"PropertyValueSpecification\",\"valueRequired\":true,\"valueName\":\"search_term_string\"}}],\"inLanguage\":\"es\"},{\"@type\":\"Organization\",\"@id\":\"https:\\\/\\\/www.teleadhesivo.com\\\/blog\\\/#organization\",\"name\":\"Blog teleadhesivo\",\"url\":\"https:\\\/\\\/www.teleadhesivo.com\\\/blog\\\/\",\"logo\":{\"@type\":\"ImageObject\",\"inLanguage\":\"es\",\"@id\":\"https:\\\/\\\/www.teleadhesivo.com\\\/blog\\\/#\\\/schema\\\/logo\\\/image\\\/\",\"url\":\"https:\\\/\\\/www.teleadhesivo.com\\\/blog\\\/wp-content\\\/uploads\\\/2026\\\/04\\\/logo-teleadhesivo.png\",\"contentUrl\":\"https:\\\/\\\/www.teleadhesivo.com\\\/blog\\\/wp-content\\\/uploads\\\/2026\\\/04\\\/logo-teleadhesivo.png\",\"width\":300,\"height\":115,\"caption\":\"Blog teleadhesivo\"},\"image\":{\"@id\":\"https:\\\/\\\/www.teleadhesivo.com\\\/blog\\\/#\\\/schema\\\/logo\\\/image\\\/\"}}]}<\/script>\n<!-- \/ Yoast SEO plugin. -->","yoast_head_json":{"title":"\u00a1Hola de nuevo! - Blog teleadhesivo","robots":{"index":"noindex","follow":"follow"},"og_locale":"es_ES","og_type":"article","og_title":"\u00a1Hola de nuevo! - Blog teleadhesivo","og_description":"Sinceramente, esper\u00e1bamos verte de vuelta en TeleAdhesivo, ya que desde el primer momento sentimos que lo nuestro era especial. En fin, t\u00fa quer\u00edas un vinilo chulo y nosotros ten\u00edamos exactamente lo que necesitabas. Pero por un instante, nuestros caminos se separaron y temimos no volver a verte m\u00e1s. Por eso&#8230; \u00a1Nos alegra tenerte de vuelta!...","og_url":"https:\/\/www.teleadhesivo.com\/blog\/solo-por-ser-tu\/","og_site_name":"Blog teleadhesivo","article_modified_time":"2017-03-23T11:37:18+00:00","og_image":[{"width":448,"height":201,"url":"https:\/\/www.teleadhesivo.com\/blog\/wp-content\/uploads\/2017\/03\/senor-anillos-2.gif","type":"image\/gif"}],"twitter_misc":{"Tiempo de lectura":"3 minutos"},"schema":{"@context":"https:\/\/schema.org","@graph":[{"@type":"WebPage","@id":"https:\/\/www.teleadhesivo.com\/blog\/solo-por-ser-tu\/","url":"https:\/\/www.teleadhesivo.com\/blog\/solo-por-ser-tu\/","name":"\u00a1Hola de nuevo! - Blog teleadhesivo","isPartOf":{"@id":"https:\/\/www.teleadhesivo.com\/blog\/#website"},"primaryImageOfPage":{"@id":"https:\/\/www.teleadhesivo.com\/blog\/solo-por-ser-tu\/#primaryimage"},"image":{"@id":"https:\/\/www.teleadhesivo.com\/blog\/solo-por-ser-tu\/#primaryimage"},"thumbnailUrl":"https:\/\/www.teleadhesivo.com\/blog\/wp-content\/uploads\/2017\/03\/senor-anillos-2.gif","datePublished":"2017-03-22T11:54:31+00:00","dateModified":"2017-03-23T11:37:18+00:00","breadcrumb":{"@id":"https:\/\/www.teleadhesivo.com\/blog\/solo-por-ser-tu\/#breadcrumb"},"inLanguage":"es","potentialAction":[{"@type":"ReadAction","target":["https:\/\/www.teleadhesivo.com\/blog\/solo-por-ser-tu\/"]}]},{"@type":"ImageObject","inLanguage":"es","@id":"https:\/\/www.teleadhesivo.com\/blog\/solo-por-ser-tu\/#primaryimage","url":"https:\/\/www.teleadhesivo.com\/blog\/wp-content\/uploads\/2017\/03\/senor-anillos-2.gif","contentUrl":"https:\/\/www.teleadhesivo.com\/blog\/wp-content\/uploads\/2017\/03\/senor-anillos-2.gif","width":448,"height":201,"caption":"Aplausos"},{"@type":"BreadcrumbList","@id":"https:\/\/www.teleadhesivo.com\/blog\/solo-por-ser-tu\/#breadcrumb","itemListElement":[{"@type":"ListItem","position":1,"name":"Home","item":"https:\/\/www.teleadhesivo.com\/blog\/"},{"@type":"ListItem","position":2,"name":"\u00a1Hola de nuevo!"}]},{"@type":"WebSite","@id":"https:\/\/www.teleadhesivo.com\/blog\/#website","url":"https:\/\/www.teleadhesivo.com\/blog\/","name":"Blog teleadhesivo","description":"Blog de decoraci\u00f3n e ideas DIY con vinilos adhesivos. En Teleadhesivo te contamos las \u00faltimas tendencias de dise\u00f1o de interiores y c\u00f3mo conseguirlas.","publisher":{"@id":"https:\/\/www.teleadhesivo.com\/blog\/#organization"},"potentialAction":[{"@type":"SearchAction","target":{"@type":"EntryPoint","urlTemplate":"https:\/\/www.teleadhesivo.com\/blog\/?s={search_term_string}"},"query-input":{"@type":"PropertyValueSpecification","valueRequired":true,"valueName":"search_term_string"}}],"inLanguage":"es"},{"@type":"Organization","@id":"https:\/\/www.teleadhesivo.com\/blog\/#organization","name":"Blog teleadhesivo","url":"https:\/\/www.teleadhesivo.com\/blog\/","logo":{"@type":"ImageObject","inLanguage":"es","@id":"https:\/\/www.teleadhesivo.com\/blog\/#\/schema\/logo\/image\/","url":"https:\/\/www.teleadhesivo.com\/blog\/wp-content\/uploads\/2026\/04\/logo-teleadhesivo.png","contentUrl":"https:\/\/www.teleadhesivo.com\/blog\/wp-content\/uploads\/2026\/04\/logo-teleadhesivo.png","width":300,"height":115,"caption":"Blog teleadhesivo"},"image":{"@id":"https:\/\/www.teleadhesivo.com\/blog\/#\/schema\/logo\/image\/"}}]}},"_links":{"self":[{"href":"https:\/\/www.teleadhesivo.com\/blog\/wp-json\/wp\/v2\/pages\/3930","targetHints":{"allow":["GET"]}}],"collection":[{"href":"https:\/\/www.teleadhesivo.com\/blog\/wp-json\/wp\/v2\/pages"}],"about":[{"href":"https:\/\/www.teleadhesivo.com\/blog\/wp-json\/wp\/v2\/types\/page"}],"author":[{"embeddable":true,"href":"https:\/\/www.teleadhesivo.com\/blog\/wp-json\/wp\/v2\/users\/4"}],"replies":[{"embeddable":true,"href":"https:\/\/www.teleadhesivo.com\/blog\/wp-json\/wp\/v2\/comments?post=3930"}],"version-history":[{"count":5,"href":"https:\/\/www.teleadhesivo.com\/blog\/wp-json\/wp\/v2\/pages\/3930\/revisions"}],"predecessor-version":[{"id":3953,"href":"https:\/\/www.teleadhesivo.com\/blog\/wp-json\/wp\/v2\/pages\/3930\/revisions\/3953"}],"wp:attachment":[{"href":"https:\/\/www.teleadhesivo.com\/blog\/wp-json\/wp\/v2\/media?parent=3930"}],"curies":[{"name":"wp","href":"https:\/\/api.w.org\/{rel}","templated":true}]}}